{"id":50,"date":"2015-05-26T18:45:07","date_gmt":"2015-05-26T18:45:07","guid":{"rendered":"http:\/\/www.laruotabb.com\/?page_id=50"},"modified":"2015-05-26T20:07:23","modified_gmt":"2015-05-26T20:07:23","slug":"cookies-policy","status":"publish","type":"page","link":"https:\/\/www.laruotabb.com\/?page_id=50","title":{"rendered":"Cookies Policy"},"content":{"rendered":"<p><\/p>\n<p class=\"p1\">INFORMAZIONI SUI COOKIES<\/p>\n<p class=\"p1\">Che cosa \u00e8 un cookie?<\/p>\n<p class=\"p1\">Che cosa \u00e8 un cookie? Un cookie \u00e8 un piccolo file di testo che viene memorizzato dal computer nel momento in cui un sito web viene visitato da un utente. Il testo memorizza informazioni che il sito \u00e8 in grado di leggere nel momento in cui viene consultato in un secondo momento. Alcuni di questi cookies sono necessari al corretto funzionamento del sito, altri sono invece utili al visitatore perch\u00e9 in grado di memorizzare in modo sicuro ad esempio il nome utente o le impostazioni di lingua. Il vantaggio di avere dei cookies installati nel proprio pc \u00e8 quello di non aver pi\u00f9 bisogno di compilare le stesse informazioni ogni qualvolta si voglia accedere ad un sito visitato in precedenza.<\/p>\n<p class=\"p1\">Perch\u00e8 RPH utilizza i cookies?<\/p>\n<p class=\"p1\">RPH utilizza i cookies al fine di fornire ai propri utenti un\u2019esperienza di navigazione modellata il pi\u00f9 possibile intorno ai suoi gusti e preferenze. Tramite i cookies RPH fa in modo che ad ogni visita sul sito non si debbano ricevere o inserire le stesse informazioni. I cookies vengono utilizzati anche al fine di ottimizzare le prestazioni del sito web: essi infatti rendono pi\u00f9 facile sia la navigazione che la ricerca veloce di elementi specifici all\u2019interno del sito.<\/p>\n<p class=\"p1\">Come posso disattivare i cookies ?<\/p>\n<p class=\"p1\">\u00c8 possibile modificare il browser per disattivare i cookies tramite una procedura molto semplice. Attenzione: disattivando i cookies sia nome utente che password non saranno pi\u00f9 memorizzati sul box di login del sito.<\/p>\n<p class=\"p1\">Firefox:<\/p>\n<p class=\"p1\">Apri Firefox<\/p>\n<p class=\"p1\">Premi il pulsante \u201cAlt\u201d sulla tastiera<\/p>\n<p class=\"p1\">Nella barra degli strumenti situata nella parte superiore del browser, seleziona \u201cStrumenti\u201d e successivamente \u201cOpzioni\u201d<\/p>\n<p class=\"p1\">Seleziona quindi la scheda \u201cPrivacy\u201d<\/p>\n<p class=\"p1\">Vai su \u201cImpostazioni Cronologia:\u201d e successivamente su \u201cUtilizza impostazioni personalizzate\u201d . Deseleziona \u201cAccetta i cookie dai siti\u201d e salva le preferenze.<\/p>\n<p class=\"p1\">Internet Explorer:<\/p>\n<p class=\"p1\">Apri Internet Explorer<\/p>\n<p class=\"p1\">Clicca sul pulsante \u201cStrumenti\u201d e quindi su \u201cOpzioni Internet\u201d<\/p>\n<p class=\"p1\">Seleziona la scheda \u201cPrivacy\u201d e sposta il dispositivo di scorrimento sul livello di privacy che desideri impostare (verso l\u2019alto per bloccare tutti i cookies o verso il basso per consentirli tutti)<\/p>\n<p class=\"p1\">Quindi clicca su OK<\/p>\n<p class=\"p1\">Google Chrome:<\/p>\n<p class=\"p1\">Apri Google Chrome<\/p>\n<p class=\"p1\">Clicca sull\u2019icona \u201cStrumenti\u201d<\/p>\n<p class=\"p1\">Seleziona \u201cImpostazioni\u201d e successivamente \u201cImpostazioni avanzate\u201d<\/p>\n<p class=\"p1\">Seleziona \u201cImpostazioni dei contenuti\u201d sotto la voce \u201cPrivacy\u201d<\/p>\n<p class=\"p1\">Nella scheda \u201cCookies\u201d \u00e8 possibile deselezionare i cookies e salvare le preferenze<\/p>\n<p class=\"p1\">Safari:<\/p>\n<p class=\"p1\">Apri Safari<\/p>\n<p class=\"p1\">Scegli \u201cPreferenze\u201d nella barra degli strumenti, quindi seleziona il pannello \u201cSicurezza\u201d nella finestra di dialogo che segue<\/p>\n<p class=\"p1\">Nella sezione \u201cAccetta cookie\u201d \u00e8 possibile specificare se e quando Safari deve salvare i cookies dai siti web. Per ulteriori informazioni clicca sul pulsante di Aiuto ( contrassegnato da un punto interrogativo)<\/p>\n<p class=\"p1\">Per maggiori informazioni sui cookies che vengono memorizzati sul vostro computer, clicca su \u201cMostra cookie\u201d<\/p>\n<p><\/p>","protected":false},"excerpt":{"rendered":"<p>INFORMAZIONI SUI COOKIES Che cosa \u00e8 un cookie? Che cosa \u00e8 un cookie? Un cookie \u00e8 un piccolo file di testo che viene memorizzato dal computer nel momento in cui un sito web viene visitato da un utente. Il testo &hellip; <a href=\"https:\/\/www.laruotabb.com\/?page_id=50\">Continued<\/a><\/p>\n","protected":false},"author":1,"featured_media":0,"parent":0,"menu_order":0,"comment_status":"open","ping_status":"open","template":"template-content.php","meta":[],"_links":{"self":[{"href":"https:\/\/www.laruotabb.com\/index.php?rest_route=\/wp\/v2\/pages\/50"}],"collection":[{"href":"https:\/\/www.laruotabb.com\/index.php?rest_route=\/wp\/v2\/pages"}],"about":[{"href":"https:\/\/www.laruotabb.com\/index.php?rest_route=\/wp\/v2\/types\/page"}],"author":[{"embeddable":true,"href":"https:\/\/www.laruotabb.com\/index.php?rest_route=\/wp\/v2\/users\/1"}],"replies":[{"embeddable":true,"href":"https:\/\/www.laruotabb.com\/index.php?rest_route=%2Fwp%2Fv2%2Fcomments&post=50"}],"version-history":[{"count":1,"href":"https:\/\/www.laruotabb.com\/index.php?rest_route=\/wp\/v2\/pages\/50\/revisions"}],"predecessor-version":[{"id":51,"href":"https:\/\/www.laruotabb.com\/index.php?rest_route=\/wp\/v2\/pages\/50\/revisions\/51"}],"wp:attachment":[{"href":"https:\/\/www.laruotabb.com\/index.php?rest_route=%2Fwp%2Fv2%2Fmedia&parent=50"}],"curies":[{"name":"wp","href":"https:\/\/api.w.org\/{rel}","templated":true}]}}